{"id":390,"date":"2019-05-07T01:59:44","date_gmt":"2019-05-07T01:59:44","guid":{"rendered":"https:\/\/www.earthconcerthall.net\/?page_id=390"},"modified":"2019-05-25T15:08:40","modified_gmt":"2019-05-25T15:08:40","slug":"conclusion-and-outlook","status":"publish","type":"page","link":"https:\/\/www.earthconcerthall.net\/de\/conclusion-and-outlook\/","title":{"rendered":"Fazit und Ausblick"},"content":{"rendered":"\n<p>Diese Website umrei\u00dft das Konzept eines virtuellen Erdkonzertsaals einschlie\u00dflich der vielf\u00e4ltigen Aufgaben in einem solch komplexen Projekt.<br> <br>Bereits vor der Planung des Produktivbetriebs muss \u201ePrivacy by Design and Default\u201c ein Entwicklungsziel von ECH sein, um die weltweit f\u00fchrenden Anforderungen der europ\u00e4ischen Datenschutzverordnung zu erf\u00fcllen.<br> <br>Ein potenzielles zuk\u00fcnftiges Projekt-Add-On stellt das Earth Concert Archive (ECA) als Portal f\u00fcr fr\u00fchere Auff\u00fchrungen mit einem \u00e4hnlichen Abrechnungsmodell wie f\u00fcr das ECH dar.<\/p>\n\n\n\n<p><a href=\"https:\/\/www.earthconcerthall.net\/de\/downloads-references\/\">Weiter: Downloads &#038; Quellen<\/a><\/p>\n","protected":false},"excerpt":{"rendered":"<p>Diese Website umrei\u00dft das Konzept eines virtuellen Erdkonzertsaals einschlie\u00dflich der vielf\u00e4ltigen Aufgaben in einem solch komplexen Projekt. Bereits vor der Planung des Produktivbetriebs muss \u201ePrivacy by Design and Default\u201c ein Entwicklungsziel von ECH sein, um die weltweit f\u00fchrenden Anforderungen der europ\u00e4ischen Datenschutzverordnung zu erf\u00fcllen. Ein potenzielles zuk\u00fcnftiges Projekt-Add-On stellt das Earth Concert Archive (ECA) als &hellip; <\/p>\n<p class=\"link-more\"><a href=\"https:\/\/www.earthconcerthall.net\/de\/conclusion-and-outlook\/\" class=\"more-link\"><span class=\"screen-reader-text\">\u201eFazit und Ausblick\u201c <\/span>weiterlesen<\/a><\/p>\n","protected":false},"author":1,"featured_media":0,"parent":0,"menu_order":0,"comment_status":"closed","ping_status":"closed","template":"","meta":{"footnotes":""},"class_list":["post-390","page","type-page","status-publish","hentry"],"translation":{"provider":"WPGlobus","version":"3.0.2","language":"de","enabled_languages":["en","de"],"languages":{"en":{"title":true,"content":true,"excerpt":false},"de":{"title":true,"content":true,"excerpt":false}}},"_links":{"self":[{"href":"https:\/\/www.earthconcerthall.net\/de\/wp-json\/wp\/v2\/pages\/390","targetHints":{"allow":["GET"]}}],"collection":[{"href":"https:\/\/www.earthconcerthall.net\/de\/wp-json\/wp\/v2\/pages"}],"about":[{"href":"https:\/\/www.earthconcerthall.net\/de\/wp-json\/wp\/v2\/types\/page"}],"author":[{"embeddable":true,"href":"https:\/\/www.earthconcerthall.net\/de\/wp-json\/wp\/v2\/users\/1"}],"replies":[{"embeddable":true,"href":"https:\/\/www.earthconcerthall.net\/de\/wp-json\/wp\/v2\/comments?post=390"}],"version-history":[{"count":5,"href":"https:\/\/www.earthconcerthall.net\/de\/wp-json\/wp\/v2\/pages\/390\/revisions"}],"predecessor-version":[{"id":550,"href":"https:\/\/www.earthconcerthall.net\/de\/wp-json\/wp\/v2\/pages\/390\/revisions\/550"}],"wp:attachment":[{"href":"https:\/\/www.earthconcerthall.net\/de\/wp-json\/wp\/v2\/media?parent=390"}],"curies":[{"name":"wp","href":"https:\/\/api.w.org\/{rel}","templated":true}]}}