{"id":382,"date":"2019-05-07T00:44:22","date_gmt":"2019-05-07T00:44:22","guid":{"rendered":"https:\/\/www.earthconcerthall.net\/?page_id=382"},"modified":"2019-05-25T15:06:54","modified_gmt":"2019-05-25T15:06:54","slug":"realization","status":"publish","type":"page","link":"https:\/\/www.earthconcerthall.net\/de\/realization\/","title":{"rendered":"Realisierung"},"content":{"rendered":"\n<h3 class=\"wp-block-heading\">1. Detailliertes Design<\/h3>\n\n\n\n<p>Eine Projektgruppe muss gegr\u00fcndet werden und lie\u00dfe sich via GitLab sowie unter dieser reservierten Domain organisieren: <a href=\"https:\/\/www.earthconcerthall.net\/\">https:\/\/www.earthconcerthall.net\/<\/a><br> <br>Innerhalb des Projekts sind spezielle Arbeitsgruppen zu bilden, die rechtliche, organisatorische und technische Bereiche abdecken.<\/p>\n\n\n\n<h3 class=\"wp-block-heading\">2. Implementierung<\/h3>\n\n\n\n<p>Die Softwareentwickler-Arbeitsgruppe innerhalb des Projekts w\u00fcrde das komplexe System gem\u00e4\u00df den von den Organisatoren festgelegten Aufgaben programmieren.<br> <br>Eine Implementierung kann \u00fcber eine Entwicklerplattform wie GitLab <a href=\"https:\/\/about.gitlab.com\/\">[3]<\/a> organisiert werden.<\/p>\n\n\n\n<h3 class=\"wp-block-heading\">3. Inbetriebnahme und Fertigstellung<\/h3>\n\n\n\n<p>Nach einer erfolgreichen Testphase lie\u00dfe sich die Earth Concert Hall f\u00fcr alle Benutzer auf der ganzen Welt in Betrieb nehmen, wobei eine vorherige Einsch\u00e4tzung der Nachfrage zu erfolgen hat, um eine \u00dcberlastung w\u00e4hrend der ersten \u00dcbertragungen zu vermeiden.<br> <br>F\u00fcr das markante Erscheinungsbild der Benutzeroberfl\u00e4che ist die rotierende Erde wichtig, in deren Bereiche der H\u00f6rer eintaucht. Eine solche L\u00f6sung wird von Google Earth und jetzt Google Maps <a href=\"https:\/\/www.google.de\/maps\/@51.1758062,10.4541192,2.33z\">[4]<\/a>, das sich sehr gut in das Webdesign einf\u00fcgt, bereitgestellt. Eine Alternative w\u00e4re OpenStreetMap, das dann keine Daten an Dritte \u00fcbermittelt, wenn ECH-Benutzer Geo-Daten anfordern und der Geoinformationsdienst OpenStreetMap lokal arbeitet, was den Schutz der Privatsph\u00e4re f\u00f6rdert <a href=\"https:\/\/www.openstreetmap.org\/\">[5]<\/a>.<br> <br>Die Domain earthconcerthall.com ist f\u00fcr den produktiven Gebrauch durch die Zuh\u00f6rer der Auff\u00fchrungen reserviert.<\/p>\n\n\n\n<p><a href=\"https:\/\/www.earthconcerthall.net\/de\/conclusion-and-outlook\/\">Weiter: Fazit und Ausblick<\/a><\/p>\n","protected":false},"excerpt":{"rendered":"<p>1. Detailliertes Design Eine Projektgruppe muss gegr\u00fcndet werden und lie\u00dfe sich via GitLab sowie unter dieser reservierten Domain organisieren: https:\/\/www.earthconcerthall.net\/ Innerhalb des Projekts sind spezielle Arbeitsgruppen zu bilden, die rechtliche, organisatorische und technische Bereiche abdecken. 2. Implementierung Die Softwareentwickler-Arbeitsgruppe innerhalb des Projekts w\u00fcrde das komplexe System gem\u00e4\u00df den von den Organisatoren festgelegten Aufgaben programmieren. Eine &hellip; <\/p>\n<p class=\"link-more\"><a href=\"https:\/\/www.earthconcerthall.net\/de\/realization\/\" class=\"more-link\"><span class=\"screen-reader-text\">\u201eRealisierung\u201c <\/span>weiterlesen<\/a><\/p>\n","protected":false},"author":1,"featured_media":0,"parent":0,"menu_order":0,"comment_status":"closed","ping_status":"closed","template":"","meta":{"footnotes":""},"class_list":["post-382","page","type-page","status-publish","hentry"],"translation":{"provider":"WPGlobus","version":"3.0.2","language":"de","enabled_languages":["en","de"],"languages":{"en":{"title":true,"content":true,"excerpt":false},"de":{"title":true,"content":true,"excerpt":false}}},"_links":{"self":[{"href":"https:\/\/www.earthconcerthall.net\/de\/wp-json\/wp\/v2\/pages\/382","targetHints":{"allow":["GET"]}}],"collection":[{"href":"https:\/\/www.earthconcerthall.net\/de\/wp-json\/wp\/v2\/pages"}],"about":[{"href":"https:\/\/www.earthconcerthall.net\/de\/wp-json\/wp\/v2\/types\/page"}],"author":[{"embeddable":true,"href":"https:\/\/www.earthconcerthall.net\/de\/wp-json\/wp\/v2\/users\/1"}],"replies":[{"embeddable":true,"href":"https:\/\/www.earthconcerthall.net\/de\/wp-json\/wp\/v2\/comments?post=382"}],"version-history":[{"count":8,"href":"https:\/\/www.earthconcerthall.net\/de\/wp-json\/wp\/v2\/pages\/382\/revisions"}],"predecessor-version":[{"id":548,"href":"https:\/\/www.earthconcerthall.net\/de\/wp-json\/wp\/v2\/pages\/382\/revisions\/548"}],"wp:attachment":[{"href":"https:\/\/www.earthconcerthall.net\/de\/wp-json\/wp\/v2\/media?parent=382"}],"curies":[{"name":"wp","href":"https:\/\/api.w.org\/{rel}","templated":true}]}}