{"id":286,"date":"2019-05-05T18:10:07","date_gmt":"2019-05-05T18:10:07","guid":{"rendered":"https:\/\/www.earthconcerthall.net\/?page_id=286"},"modified":"2019-05-25T15:01:47","modified_gmt":"2019-05-25T15:01:47","slug":"project-work","status":"publish","type":"page","link":"https:\/\/www.earthconcerthall.net\/de\/project-work\/","title":{"rendered":"Projektarbeit"},"content":{"rendered":"\n<p>Zun\u00e4chst muss das Projektziel festgelegt und darf aufgrund der komplexen Abh\u00e4ngigkeiten des gro\u00dfen Systems nicht wesentlich ge\u00e4ndert werden.<\/p>\n\n\n\n<h3 class=\"wp-block-heading\">1. Vorprojekt durch Prototyping<\/h3>\n\n\n\n<p>Ein funktionierender Prototyp ist zu programmieren und auf einigen Servern zu installieren. Bereits beim Prototyping wird auf Skalierbarkeit geachtet, um geschriebenen Code wiederzuverwenden und ein wirklich ausbauf\u00e4higes System zu entwickeln. Mit einem einfachen Prototyp-Men\u00fcdesign schildert dieser Unterabschnitt die notwendige Datenerfassung, um K\u00fcnstler und ihre Performances sowie H\u00f6rer, die erstklassige Sendequalit\u00e4t w\u00fcnschen, zu registrieren.<\/p>\n\n\n\n<div class=\"wp-block-image\"><figure class=\"aligncenter is-resized\"><img loading=\"lazy\" decoding=\"async\" src=\"https:\/\/www.earthconcerthall.net\/wp-content\/uploads\/2019\/05\/ECHmainMenuArticle-1-537x1024.jpg\" alt=\"\" class=\"wp-image-358\" width=\"304\" height=\"580\" srcset=\"https:\/\/www.earthconcerthall.net\/wp-content\/uploads\/2019\/05\/ECHmainMenuArticle-1-537x1024.jpg 537w, https:\/\/www.earthconcerthall.net\/wp-content\/uploads\/2019\/05\/ECHmainMenuArticle-1-157x300.jpg 157w, https:\/\/www.earthconcerthall.net\/wp-content\/uploads\/2019\/05\/ECHmainMenuArticle-1.jpg 553w\" sizes=\"auto, (max-width: 304px) 100vw, 304px\" \/><figcaption>Abb. 1: Men\u00fc einiger Prototyp-Funktionen f\u00fcr die Earth Concert Hall, implementiert im multimediaf\u00e4higen HTML-5-Standard, kompatibel mit vielen Web-Clients unter verschiedenen Betriebssystemen <\/figcaption><\/figure><\/div>\n\n\n\n<p>ECH-Hauptmen\u00fc: Abbildung 1 skizziert das Ziel der Implementierung der Earth Concert Hall. Durch Klicken auf einen Ort unseres Globus oder einer Landkarte gelangen Sie zu einem Musikereignis, das per Live-Stream \u00fcbertragen wird. Au\u00dferdem k\u00f6nnen Sie in einem Men\u00fc ausw\u00e4hlen, ob Sie als Zuh\u00f6rer, K\u00fcnstler oder Manager registriert sein oder geplante Ereignisse ank\u00fcndigen m\u00f6chten. Dar\u00fcber hinaus sollten das Abrechnungsmodell bzw. die f\u00fcr das Publikum bestimmten Preise sowie Statistiken der Auff\u00fchrungen angezeigt werden. Beispielsweise kann das Abrechnungsmodell f\u00fcr die Zielgruppe nach Preis differenzieren: Von den f\u00fcnf Kategorien der Bild- und Ton\u00fcbertragungsqualit\u00e4t ist die niedrigste Kategorie frei und wird durch Werbung finanziert, w\u00e4hrend die h\u00f6heren mit steigenden Preisen verf\u00fcgbar sind, angefangen mit QHD bis hin zu UHD, d. h. 4k-Aufl\u00f6sungen. Die Klangqualit\u00e4t variiert zwischen 32 kbit \/ s mit Datenreduzierung und verlustfreier hochaufl\u00f6sender 24-Bit-Abtastqualit\u00e4t. Der verwendete HTML-5-Standard gew\u00e4hrleistet Kompatibilit\u00e4t mit verschiedenen Webbrowsern und Betriebssystemen bei der \u00dcbertragung von Multimedia-Inhalten.<\/p>\n\n\n\n<div class=\"wp-block-image\"><figure class=\"aligncenter is-resized\"><img loading=\"lazy\" decoding=\"async\" src=\"https:\/\/www.earthconcerthall.net\/wp-content\/uploads\/2019\/05\/ECHartistRegistrationArticle-1-987x1024.jpg\" alt=\"\" class=\"wp-image-359\" width=\"417\" height=\"432\" srcset=\"https:\/\/www.earthconcerthall.net\/wp-content\/uploads\/2019\/05\/ECHartistRegistrationArticle-1-987x1024.jpg 987w, https:\/\/www.earthconcerthall.net\/wp-content\/uploads\/2019\/05\/ECHartistRegistrationArticle-1-289x300.jpg 289w, https:\/\/www.earthconcerthall.net\/wp-content\/uploads\/2019\/05\/ECHartistRegistrationArticle-1-768x797.jpg 768w, https:\/\/www.earthconcerthall.net\/wp-content\/uploads\/2019\/05\/ECHartistRegistrationArticle-1.jpg 1037w\" sizes=\"auto, (max-width: 417px) 100vw, 417px\" \/><figcaption>Abb. 2: Eingabefeld, in dem sich K\u00fcnstler oder deren Manager registrieren k\u00f6nnen<br><\/figcaption><\/figure><\/div>\n\n\n\n<p>K\u00fcnstler oder Manager melden sich f\u00fcr die Earth Concert Hall an, indem sie ein Formular ausf\u00fcllen (siehe Abbildung 2). Erforderlich sind Anrede, Vor- und Nachname, E-Mail-Adresse, gew\u00fcnschtes Passwort und dessen Wiederholung, Telefon, Stra\u00dfe, Postleitzahl, Ort, Land (wobei das System automatisch einen 3-Buchstaben-Code einf\u00fcgt) sowie die Zahlungsverbindung.<\/p>\n\n\n\n<div class=\"wp-block-image\"><figure class=\"aligncenter is-resized\"><img loading=\"lazy\" decoding=\"async\" src=\"https:\/\/www.earthconcerthall.net\/wp-content\/uploads\/2019\/05\/ECHeventRegistrationArticle-1-662x1024.jpg\" alt=\"\" class=\"wp-image-360\" width=\"362\" height=\"560\" srcset=\"https:\/\/www.earthconcerthall.net\/wp-content\/uploads\/2019\/05\/ECHeventRegistrationArticle-1-662x1024.jpg 662w, https:\/\/www.earthconcerthall.net\/wp-content\/uploads\/2019\/05\/ECHeventRegistrationArticle-1-194x300.jpg 194w, https:\/\/www.earthconcerthall.net\/wp-content\/uploads\/2019\/05\/ECHeventRegistrationArticle-1.jpg 696w\" sizes=\"auto, (max-width: 362px) 100vw, 362px\" \/><figcaption>Abb. 3: Hier werden die geplanten Auff\u00fchrungen gemeldet.<\/figcaption><\/figure><\/div>\n\n\n\n<p>K\u00fcnstler oder deren Leitung registrieren Veranstaltungen in der Earth Concert Hall (vgl. Abbildung 3). Der oder die Anmeldende klickt auf den virtuellen Ort auf dem Globus oder auf eine Karte in einer vergr\u00f6\u00dferten Ansicht. Das Musikereignis-Formular fragt nach Name, Datum und Uhrzeit (GMT &#8211; Greenwich Mean Time), Veranstaltungs-Location, Stra\u00dfe, Postleitzahl, Ort und Land (auch hier f\u00fcgt das System automatisch einen dreistelligen Code ein). Au\u00dferdem m\u00fcssen Anrede, Vor- und Nachname des K\u00fcnstlers oder Managers dieser Veranstaltung sowie E-Mail-Adresse und Passwort angegeben werden. Ein kurzer \u00dcberblick erl\u00e4utert die Regeln f\u00fcr die Auszahlung an K\u00fcnstler oder Eventmanager in Abh\u00e4ngigkeit der zuvor genannten f\u00fcnf Sendequalit\u00e4t-Kategorien.<\/p>\n\n\n\n<div class=\"wp-block-image\"><figure class=\"aligncenter is-resized\"><img loading=\"lazy\" decoding=\"async\" src=\"https:\/\/www.earthconcerthall.net\/wp-content\/uploads\/2019\/05\/ECHlistenerRegistrationArticle-1-1001x1024.jpg\" alt=\"\" class=\"wp-image-361\" width=\"420\" height=\"429\" srcset=\"https:\/\/www.earthconcerthall.net\/wp-content\/uploads\/2019\/05\/ECHlistenerRegistrationArticle-1-1001x1024.jpg 1001w, https:\/\/www.earthconcerthall.net\/wp-content\/uploads\/2019\/05\/ECHlistenerRegistrationArticle-1-293x300.jpg 293w, https:\/\/www.earthconcerthall.net\/wp-content\/uploads\/2019\/05\/ECHlistenerRegistrationArticle-1-768x786.jpg 768w, https:\/\/www.earthconcerthall.net\/wp-content\/uploads\/2019\/05\/ECHlistenerRegistrationArticle-1.jpg 1051w\" sizes=\"auto, (max-width: 420px) 100vw, 420px\" \/><figcaption>Abb. 4: Auf dieser Seite registrieren sich Zuh\u00f6rer, um Leistungen in hochaufl\u00f6sender \u00dcbertragungsqualit\u00e4t zu erhalten.<\/figcaption><\/figure><\/div>\n\n\n\n<p>Die Registrierung eines Zuh\u00f6rers in der Earth Concert Hall erfolgt \u00fcber ein Formular, das die Anrede (siehe Abbildung 4), Vor- und Nachnamen, E-Mail-Adresse, Passwort und dessen Wiederholung, Hausnummer, Stra\u00dfe, Postleitzahl, Ort, Land, enth\u00e4lt; hier generiert der Server auch automatisch einen 3-Buchstaben-Code f\u00fcr die Zuordnung zu einem Staat. Die gew\u00fcnschte Zahlungsart kann ebenfalls angegeben werden.<\/p>\n\n\n\n<h3 class=\"wp-block-heading\">2. Abschlie\u00dfendes Bauprojekt<\/h3>\n\n\n\n<p>Wenn der Prototyp funktioniert, k\u00f6nnen die n\u00e4chsten Ausbaustufen definiert werden, um das System dann auf der ganzen Welt zu verteilen.<\/p>\n\n\n\n<h3 class=\"wp-block-heading\">3. Lizenzierungs- und Management-Verfahren<\/h3>\n\n\n\n<p>Um in Zukunft eine weite Verbreitung des Gesamtsystems sicherzustellen, wird die GNU Public License (GPL) als Open-Source-Lizenz empfohlen. Dies garantiert, dass jeder, der Code f\u00fcr das Projekt entwickelt, ihn dauerhaft und kostenlos zur Verf\u00fcgung stellt.<\/p>\n\n\n\n<p><a href=\"https:\/\/www.earthconcerthall.net\/de\/tendering-process\/\">Weiter: Ausschreibungs- und Auswahlprozess<\/a><\/p>\n","protected":false},"excerpt":{"rendered":"<p>Zun\u00e4chst muss das Projektziel festgelegt und darf aufgrund der komplexen Abh\u00e4ngigkeiten des gro\u00dfen Systems nicht wesentlich ge\u00e4ndert werden. 1. Vorprojekt durch Prototyping Ein funktionierender Prototyp ist zu programmieren und auf einigen Servern zu installieren. Bereits beim Prototyping wird auf Skalierbarkeit geachtet, um geschriebenen Code wiederzuverwenden und ein wirklich ausbauf\u00e4higes System zu entwickeln. Mit einem einfachen &hellip; <\/p>\n<p class=\"link-more\"><a href=\"https:\/\/www.earthconcerthall.net\/de\/project-work\/\" class=\"more-link\"><span class=\"screen-reader-text\">\u201eProjektarbeit\u201c <\/span>weiterlesen<\/a><\/p>\n","protected":false},"author":1,"featured_media":0,"parent":0,"menu_order":0,"comment_status":"closed","ping_status":"closed","template":"","meta":{"footnotes":""},"class_list":["post-286","page","type-page","status-publish","hentry"],"translation":{"provider":"WPGlobus","version":"3.0.2","language":"de","enabled_languages":["en","de"],"languages":{"en":{"title":true,"content":true,"excerpt":false},"de":{"title":true,"content":true,"excerpt":false}}},"_links":{"self":[{"href":"https:\/\/www.earthconcerthall.net\/de\/wp-json\/wp\/v2\/pages\/286","targetHints":{"allow":["GET"]}}],"collection":[{"href":"https:\/\/www.earthconcerthall.net\/de\/wp-json\/wp\/v2\/pages"}],"about":[{"href":"https:\/\/www.earthconcerthall.net\/de\/wp-json\/wp\/v2\/types\/page"}],"author":[{"embeddable":true,"href":"https:\/\/www.earthconcerthall.net\/de\/wp-json\/wp\/v2\/users\/1"}],"replies":[{"embeddable":true,"href":"https:\/\/www.earthconcerthall.net\/de\/wp-json\/wp\/v2\/comments?post=286"}],"version-history":[{"count":22,"href":"https:\/\/www.earthconcerthall.net\/de\/wp-json\/wp\/v2\/pages\/286\/revisions"}],"predecessor-version":[{"id":544,"href":"https:\/\/www.earthconcerthall.net\/de\/wp-json\/wp\/v2\/pages\/286\/revisions\/544"}],"wp:attachment":[{"href":"https:\/\/www.earthconcerthall.net\/de\/wp-json\/wp\/v2\/media?parent=286"}],"curies":[{"name":"wp","href":"https:\/\/api.w.org\/{rel}","templated":true}]}}