{"id":280,"date":"2019-05-01T23:34:07","date_gmt":"2019-05-01T23:34:07","guid":{"rendered":"https:\/\/www.earthconcerthall.net\/?page_id=280"},"modified":"2019-05-25T15:00:13","modified_gmt":"2019-05-25T15:00:13","slug":"pre-studies","status":"publish","type":"page","link":"https:\/\/www.earthconcerthall.net\/de\/pre-studies\/","title":{"rendered":"Vorstudien"},"content":{"rendered":"\n<h3 class=\"wp-block-heading\">1. Definition des Projekts<\/h3>\n\n\n\n<p>Die Earth Concert Hall soll ein weltweit verteiltes Portalsystem f\u00fcr die Ank\u00fcndigung und Ausstrahlung von audiovisuellen Live-Events \u00fcber das Internet bilden.<\/p>\n\n\n\n<h3 class=\"wp-block-heading\">2. Machbarkeitsstudie<\/h3>\n\n\n\n<p>Die Nachfrage der Musiknutzer, die von der Beliebtheit der \u00fcbertragenen Darbietungen abh\u00e4ngt, bestimmt die Auslastung des Systems. Prognosen \u00fcber die Anzahl der zu erreichenden Benutzer m\u00fcssen nach Marketing-Aspekten erstellt werden. Dadurch werden Engp\u00e4sse bei Server-Ressourcen vermieden.<\/p>\n\n\n\n<h3 class=\"wp-block-heading\">3. Auswahlprozess<\/h3>\n\n\n\n<p>Durch den Selbstoptimierungsprozess eines Open-Source-Projekts m\u00fcssen keine anderen Bieter ausgew\u00e4hlt werden, wie dies f\u00fcr die kommerzielle Produktentwicklung erforderlich w\u00e4re.<\/p>\n\n\n\n<p><a href=\"https:\/\/www.earthconcerthall.net\/de\/project-work\/\">Weiter: Projektarbeit<\/a><\/p>\n","protected":false},"excerpt":{"rendered":"<p>1. Definition des Projekts Die Earth Concert Hall soll ein weltweit verteiltes Portalsystem f\u00fcr die Ank\u00fcndigung und Ausstrahlung von audiovisuellen Live-Events \u00fcber das Internet bilden. 2. Machbarkeitsstudie Die Nachfrage der Musiknutzer, die von der Beliebtheit der \u00fcbertragenen Darbietungen abh\u00e4ngt, bestimmt die Auslastung des Systems. Prognosen \u00fcber die Anzahl der zu erreichenden Benutzer m\u00fcssen nach Marketing-Aspekten &hellip; <\/p>\n<p class=\"link-more\"><a href=\"https:\/\/www.earthconcerthall.net\/de\/pre-studies\/\" class=\"more-link\"><span class=\"screen-reader-text\">\u201eVorstudien\u201c <\/span>weiterlesen<\/a><\/p>\n","protected":false},"author":1,"featured_media":0,"parent":0,"menu_order":0,"comment_status":"closed","ping_status":"closed","template":"","meta":{"footnotes":""},"class_list":["post-280","page","type-page","status-publish","hentry"],"translation":{"provider":"WPGlobus","version":"3.0.2","language":"de","enabled_languages":["en","de"],"languages":{"en":{"title":true,"content":true,"excerpt":false},"de":{"title":true,"content":true,"excerpt":false}}},"_links":{"self":[{"href":"https:\/\/www.earthconcerthall.net\/de\/wp-json\/wp\/v2\/pages\/280","targetHints":{"allow":["GET"]}}],"collection":[{"href":"https:\/\/www.earthconcerthall.net\/de\/wp-json\/wp\/v2\/pages"}],"about":[{"href":"https:\/\/www.earthconcerthall.net\/de\/wp-json\/wp\/v2\/types\/page"}],"author":[{"embeddable":true,"href":"https:\/\/www.earthconcerthall.net\/de\/wp-json\/wp\/v2\/users\/1"}],"replies":[{"embeddable":true,"href":"https:\/\/www.earthconcerthall.net\/de\/wp-json\/wp\/v2\/comments?post=280"}],"version-history":[{"count":5,"href":"https:\/\/www.earthconcerthall.net\/de\/wp-json\/wp\/v2\/pages\/280\/revisions"}],"predecessor-version":[{"id":542,"href":"https:\/\/www.earthconcerthall.net\/de\/wp-json\/wp\/v2\/pages\/280\/revisions\/542"}],"wp:attachment":[{"href":"https:\/\/www.earthconcerthall.net\/de\/wp-json\/wp\/v2\/media?parent=280"}],"curies":[{"name":"wp","href":"https:\/\/api.w.org\/{rel}","templated":true}]}}