{"id":225,"date":"2019-05-01T16:54:11","date_gmt":"2019-05-01T16:54:11","guid":{"rendered":"https:\/\/www.earthconcerthall.net\/?page_id=225"},"modified":"2019-05-25T14:58:01","modified_gmt":"2019-05-25T14:58:01","slug":"project-planning","status":"publish","type":"page","link":"https:\/\/www.earthconcerthall.net\/de\/project-planning\/","title":{"rendered":"Planung: Methode &#038; Strategie"},"content":{"rendered":"\n<p>Zun\u00e4chst muss eine geeignete Projektierungsmethode definiert werden.<\/p>\n\n\n\n<h3 class=\"wp-block-heading\">1. Wahl der Methode<\/h3>\n\n\n\n<p>Eine Erfahrung in der Computerarchitektur lehrt, dass komplexe verteilte Computersysteme wie Gro\u00dfbauprojekte von Geb\u00e4uden oder deren Ensemble konzipiert sind. Daher kann man von Computerarchitektur sprechen. Das gew\u00e4hlte synergetische Planungsmodell, das jetzt auf dieser Site verwendet wird, orientiert sich an <a href=\"http:\/\/www.roeplaner.ch\/buch_neuerungen\/text\/k_2.htm\">SIA 112<\/a> [1]. SIA steht f\u00fcr den Schweizerischen Ingenieur- und Architektenverein.<\/p>\n\n\n\n<h3 class=\"wp-block-heading\">2. Strategische Planung<\/h3>\n\n\n\n<p>Dieser Abschnitt 2 beschreibt den ersten Schritt in der SIA 112:<\/p>\n\n\n\n<h4 class=\"wp-block-heading\">2.1. Bed\u00fcrfnisformulierung<\/h4>\n\n\n\n<p>Wir ben\u00f6tigen eine weltweite L\u00f6sung, die es jedem erm\u00f6glicht, jedes Konzert in Echtzeit \u00fcber ein einziges Portal im Internet anzusehen. Die globale Hochleistungs-Kommunikationsinfrastruktur bef\u00f6rdert eine solche L\u00f6sung. Die Rechte der K\u00fcnstler und ihrer Vertreter an diesen Performances m\u00fcssen durch Abrechnungsmodelle sichergestellt werden.<\/p>\n\n\n\n<h4 class=\"wp-block-heading\">2.2. Ans\u00e4tze und Strategien f\u00fcr L\u00f6sungen<\/h4>\n\n\n\n<p>Sogar kommerzielle Anbieter setzen zunehmend Open Source-Software ein, um die Entwicklungskosten zu senken. Ein Open-Source-Projektentwicklungsteam spart Geld, weil seine Mitglieder Komponenten kostenlos verwenden, aber m\u00f6glicherweise auch ihre Arbeit &#8211; je nach Lizenzmodell &#8211; der Gesellschaft zur Verf\u00fcgung stellen m\u00fcssen. Langwierige Verhandlungsphasen zwischen Vertragspartnern werden somit vermieden.<br> <br>Freiwillige, kommerzielle, staatliche und internationale Unterst\u00fctzer sind herzlich eingeladen, ein \u00fcberregionales kulturelles Netzwerk zu schaffen, das Live-Musik \u00fcber die Grenzen hinweg pr\u00e4sentiert und K\u00fcnstlern neue Einnahmequellen bietet.<br> <br>Rechnerarchitektur: Repeater-Server mit niedrigen Daten\u00fcbertragungskosten, die \u00fcber die ganze Welt verteilt sind, erm\u00f6glichen Verbindungen zu regionalen Endbenutzern. Eine einheitliche Debian-Linux-Server-Distribution mit vorkonfigurierten Einstellungen gew\u00e4hrleistet den sicheren Betrieb der ECH-Knoten (Earth Concert Hall). Zahlungsdienste werden von externen Spezialisten abgewickelt, wodurch das Sicherheitsrisiko f\u00fcr ECH-Server reduziert wird.<\/p>\n\n\n\n<p><a href=\"https:\/\/www.earthconcerthall.net\/de\/pre-studies\/\">Weiter: Vorstudien<\/a><\/p>\n","protected":false},"excerpt":{"rendered":"<p>Zun\u00e4chst muss eine geeignete Projektierungsmethode definiert werden. 1. Wahl der Methode Eine Erfahrung in der Computerarchitektur lehrt, dass komplexe verteilte Computersysteme wie Gro\u00dfbauprojekte von Geb\u00e4uden oder deren Ensemble konzipiert sind. Daher kann man von Computerarchitektur sprechen. Das gew\u00e4hlte synergetische Planungsmodell, das jetzt auf dieser Site verwendet wird, orientiert sich an SIA 112 [1]. SIA steht &hellip; <\/p>\n<p class=\"link-more\"><a href=\"https:\/\/www.earthconcerthall.net\/de\/project-planning\/\" class=\"more-link\"><span class=\"screen-reader-text\">\u201ePlanung: Methode &#038; Strategie\u201c <\/span>weiterlesen<\/a><\/p>\n","protected":false},"author":1,"featured_media":0,"parent":0,"menu_order":0,"comment_status":"closed","ping_status":"closed","template":"","meta":{"footnotes":""},"class_list":["post-225","page","type-page","status-publish","hentry"],"translation":{"provider":"WPGlobus","version":"3.0.2","language":"de","enabled_languages":["en","de"],"languages":{"en":{"title":true,"content":true,"excerpt":false},"de":{"title":true,"content":true,"excerpt":false}}},"_links":{"self":[{"href":"https:\/\/www.earthconcerthall.net\/de\/wp-json\/wp\/v2\/pages\/225","targetHints":{"allow":["GET"]}}],"collection":[{"href":"https:\/\/www.earthconcerthall.net\/de\/wp-json\/wp\/v2\/pages"}],"about":[{"href":"https:\/\/www.earthconcerthall.net\/de\/wp-json\/wp\/v2\/types\/page"}],"author":[{"embeddable":true,"href":"https:\/\/www.earthconcerthall.net\/de\/wp-json\/wp\/v2\/users\/1"}],"replies":[{"embeddable":true,"href":"https:\/\/www.earthconcerthall.net\/de\/wp-json\/wp\/v2\/comments?post=225"}],"version-history":[{"count":18,"href":"https:\/\/www.earthconcerthall.net\/de\/wp-json\/wp\/v2\/pages\/225\/revisions"}],"predecessor-version":[{"id":540,"href":"https:\/\/www.earthconcerthall.net\/de\/wp-json\/wp\/v2\/pages\/225\/revisions\/540"}],"wp:attachment":[{"href":"https:\/\/www.earthconcerthall.net\/de\/wp-json\/wp\/v2\/media?parent=225"}],"curies":[{"name":"wp","href":"https:\/\/api.w.org\/{rel}","templated":true}]}}