{"id":196,"date":"2019-04-29T21:12:40","date_gmt":"2019-04-29T21:12:40","guid":{"rendered":"https:\/\/www.earthconcerthall.net\/?page_id=196"},"modified":"2019-05-30T16:26:14","modified_gmt":"2019-05-30T16:26:14","slug":"idea","status":"publish","type":"page","link":"https:\/\/www.earthconcerthall.net\/de\/","title":{"rendered":"Idee<a name=\"Idea\"><\/a>"},"content":{"rendered":"\n<p>Das Ziel der Earth Concert Hall (ECH) ist die Schaffung eines globalen Portalsystems f\u00fcr die Ank\u00fcndigung und Ausstrahlung von audiovisuellen Live-Ereignissen \u00fcber das Internet. So k\u00f6nnen K\u00fcnstler oder ihr Management \u00fcber ein solches Portal Konzerte weltweit ausrufen und pr\u00e4sentieren, indem sie ihre Live-Musik an Verbraucher mit unterschiedlichem Qualit\u00e4ts- und Preisniveau \u00fcbertragen. Die niedrigste Aufl\u00f6sung kann durch Bannerwerbung ohne Bezahlung finanziert werden. Als Nebeneffekt f\u00f6rdern diese kostenlosen Performances ECH und seine Verbreitung auf unserem Planeten. Im Gegensatz dazu werden hochaufl\u00f6sende Ton- und Bildaufnahmen nur registrierten Zuschauern angeboten. Die Qualit\u00e4t folgt einem Abrechnungsmodell. K\u00fcnstler erhalten einen Umsatzanteil.  Zun\u00e4chst muss eine geeignete Methode zur Projektierung der ECH definiert werden.<\/p><\/p>\n\n\n\n<p>Die Aufgaben, die zu l\u00f6sen sind, um ein global verteiltes Portalsystem f\u00fcr die Ank\u00fcndigung und \u00dcbertragung von audiovisuellen Live-Ereignissen \u00fcber das Internet zu schaffen, sind grenz\u00fcberschreitend. Die Vertretung der K\u00fcnstlerrechte in allen L\u00e4ndern erfordert etablierte Kooperationspartner. Bestehende Verwertungsgesellschaften, die in einer Zeit der mechanischen Aufnahmen gegr\u00fcndet wurden, erhalten eine zuverl\u00e4ssige internationale Dividendenaussch\u00fcttung f\u00fcr Kreative. Autoren, Komponisten und Dritte k\u00f6nnten ihren Anteil am Erl\u00f6s der ECH-Darbietungen bekommen, da das Netzwerk kooperierender traditioneller regionaler Verwertungsgesellschaften weltweit besteht. Ein wesentlicher Teil der erforderlichen Infrastruktur ist bereits vorhanden: Hochleistungsdatennetze auf der ganzen Welt.<\/p>\n\n\n\n<p>Die Benutzeroberfl\u00e4che der Earth Concert Hall w\u00fcrde das Bild unseres rotierenden Planeten Erde zeigen. Wenn man die Ansicht vergr\u00f6\u00dfert, \u00e4ndert sich das Bild in eine Karte. Sollte ein Ort eines Live-Konzerts auf dem Display erscheinen, lie\u00dfe sich seine Musik in Echtzeit \u00fcbertragen, scheinbar am lautesten aus der Mitte der angezeigten Erdansicht.<\/p>\n\n\n\n<p>Ein m\u00f6gliches Projekt-Add-On w\u00e4re das Earth Concert Archive mit einem \u00e4hnlichen Abrechnungsmodell wie f\u00fcr ECH.<\/p>\n\n\n\n<p><a href=\"https:\/\/www.earthconcerthall.net\/de\/project-planning\/\">Weiter: Planung: Methode &#038; Strategie<\/a><\/p>\n","protected":false},"excerpt":{"rendered":"<p>Das Ziel der Earth Concert Hall (ECH) ist die Schaffung eines globalen Portalsystems f\u00fcr die Ank\u00fcndigung und Ausstrahlung von audiovisuellen Live-Ereignissen \u00fcber das Internet. So k\u00f6nnen K\u00fcnstler oder ihr Management \u00fcber ein solches Portal Konzerte weltweit ausrufen und pr\u00e4sentieren, indem sie ihre Live-Musik an Verbraucher mit unterschiedlichem Qualit\u00e4ts- und Preisniveau \u00fcbertragen. Die niedrigste Aufl\u00f6sung kann &hellip; <\/p>\n<p class=\"link-more\"><a href=\"https:\/\/www.earthconcerthall.net\/de\/\" class=\"more-link\"><span class=\"screen-reader-text\">\u201eIdee<a name=\"Idea\"><\/a>\u201c <\/span>weiterlesen<\/a><\/p>\n","protected":false},"author":1,"featured_media":0,"parent":0,"menu_order":0,"comment_status":"closed","ping_status":"closed","template":"","meta":{"footnotes":""},"class_list":["post-196","page","type-page","status-publish","hentry"],"translation":{"provider":"WPGlobus","version":"3.0.2","language":"de","enabled_languages":["en","de"],"languages":{"en":{"title":true,"content":true,"excerpt":false},"de":{"title":true,"content":true,"excerpt":false}}},"_links":{"self":[{"href":"https:\/\/www.earthconcerthall.net\/de\/wp-json\/wp\/v2\/pages\/196","targetHints":{"allow":["GET"]}}],"collection":[{"href":"https:\/\/www.earthconcerthall.net\/de\/wp-json\/wp\/v2\/pages"}],"about":[{"href":"https:\/\/www.earthconcerthall.net\/de\/wp-json\/wp\/v2\/types\/page"}],"author":[{"embeddable":true,"href":"https:\/\/www.earthconcerthall.net\/de\/wp-json\/wp\/v2\/users\/1"}],"replies":[{"embeddable":true,"href":"https:\/\/www.earthconcerthall.net\/de\/wp-json\/wp\/v2\/comments?post=196"}],"version-history":[{"count":35,"href":"https:\/\/www.earthconcerthall.net\/de\/wp-json\/wp\/v2\/pages\/196\/revisions"}],"predecessor-version":[{"id":557,"href":"https:\/\/www.earthconcerthall.net\/de\/wp-json\/wp\/v2\/pages\/196\/revisions\/557"}],"wp:attachment":[{"href":"https:\/\/www.earthconcerthall.net\/de\/wp-json\/wp\/v2\/media?parent=196"}],"curies":[{"name":"wp","href":"https:\/\/api.w.org\/{rel}","templated":true}]}}